{"id":2107,"date":"2021-08-25T14:31:16","date_gmt":"2021-08-25T14:31:16","guid":{"rendered":"https:\/\/oblo-demo.bslthemes.com\/?page_id=2107"},"modified":"2025-02-12T11:32:54","modified_gmt":"2025-02-12T10:32:54","slug":"contact","status":"publish","type":"page","link":"https:\/\/annekesleven.com\/index.php\/contact\/","title":{"rendered":"Contact"},"content":{"rendered":"\t\t<div data-elementor-type=\"wp-page\" data-elementor-id=\"2107\" class=\"elementor elementor-2107\">\n\t\t\t\t\t\t<section class=\"elementor-section elementor-top-section elementor-element elementor-element-426b71a elementor-section-height-full elementor-section-content-middle elementor-section-boxed elementor-section-height-default elementor-section-items-middle\" data-id=\"426b71a\" data-element_type=\"section\">\n\t\t\t\t\t\t<div class=\"elementor-container elementor-column-gap-custom\">\n\t\t\t\t\t<div class=\"elementor-column elementor-col-100 elementor-top-column elementor-element elementor-element-03d9dfe\" data-id=\"03d9dfe\" data-element_type=\"column\">\n\t\t\t<div class=\"elementor-widget-wrap elementor-element-populated\">\n\t\t\t\t\t\t<div class=\"elementor-element elementor-element-496bce1 elementor-widget elementor-widget-oblo-cf7-form\" data-id=\"496bce1\" data-element_type=\"widget\" data-widget_type=\"oblo-cf7-form.default\">\n\t\t\t\t<div class=\"elementor-widget-container\">\n\t\t\t\t\t\n\t\t<!-- Section Contacts Form -->\n\t\t<div class=\"section section-inner m-contacts-form\">\n\t\t\t<div class=\"container\">\n\t\t\t\t\t\t\t\t<!-- titles -->\n\t\t\t\t<div class=\"m-titles\">\n\t\t\t\t\t\t\t\t\t\t\t\t\t\t\t<div class=\"m-title scrolla-element-anim-1 scroll-animate\" data-animate=\"active\">\n\t\t\t\t\t\t<span >\n\t\t\t\t\t\t\tRestons <br>en contact !\n\t\t\t\t\t\t<\/span>\n\t\t\t\t\t<\/div>\n\t\t\t\t\t\t\t\t\t\t\t\t\t\t\t<div class=\"m-text scrolla-element-anim-1 scroll-animate\" data-animate=\"active\">\n\t\t\t\t\t\t<div >\n\t\t\t\t\t\t\t<div class=\"m-titles\"><div class=\"m-text scrolla-element-anim-1 scroll-animate animate__active animate__animated\" data-animate=\"active\"><div><p>N'h\u00e9sitez pas \u00e0 me solliciter, je suis ouverte \u00e0 de nouvelles opportunit\u00e9s et \u00e0 de nouveaux projets.<\/p><\/div><\/div><\/div>\t\t\t\t\t\t<\/div>\n\t\t\t\t\t<\/div>\n\t\t\t\t\t\t\t\t\t<\/div>\n\t\t\t\t\n\t\t\t\t\t\t\t\t<!-- contact form -->\n\t\t\t\t<div class=\"row\">\n\t\t\t\t\t<div class=\"col-xs-12 col-sm-12 col-md-12 col-lg-6\">\n\t\t\t\t\t\t<div class=\"contacts-form\">\n\t\t\t\t\t\t\t\n<div class=\"wpcf7 no-js\" id=\"wpcf7-f914-o1\" lang=\"en-US\" dir=\"ltr\" data-wpcf7-id=\"914\">\n<div class=\"screen-reader-response\"><p role=\"status\" aria-live=\"polite\" aria-atomic=\"true\"><\/p> <ul><\/ul><\/div>\n<form action=\"\/index.php\/wp-json\/wp\/v2\/pages\/2107#wpcf7-f914-o1\" method=\"post\" class=\"wpcf7-form init\" aria-label=\"Contact form\" novalidate=\"novalidate\" data-status=\"init\">\n<fieldset class=\"hidden-fields-container\"><input type=\"hidden\" name=\"_wpcf7\" value=\"914\" \/><input type=\"hidden\" name=\"_wpcf7_version\" value=\"6.1\" \/><input type=\"hidden\" name=\"_wpcf7_locale\" value=\"en_US\" \/><input type=\"hidden\" name=\"_wpcf7_unit_tag\" value=\"wpcf7-f914-o1\" \/><input type=\"hidden\" name=\"_wpcf7_container_post\" value=\"0\" \/><input type=\"hidden\" name=\"_wpcf7_posted_data_hash\" value=\"\" \/>\n<\/fieldset>\n<div class=\"group\">\n\t<div class=\"value scrolla-element-anim-1 scroll-animate\" data-animate=\"active\">\n\t\t<span class=\"wpcf7-form-control-wrap\" data-name=\"your-name\"><input size=\"40\" maxlength=\"400\" class=\"wpcf7-form-control wpcf7-text wpcf7-validates-as-required\" aria-required=\"true\" aria-invalid=\"false\" placeholder=\"Nom Pr\u00e9nom\" value=\"\" type=\"text\" name=\"your-name\" \/><\/span>\n\t<\/div>\n<\/div>\n<div class=\"group\">\n\t<div class=\"value scrolla-element-anim-1 scroll-animate\" data-animate=\"active\">\n\t\t<span class=\"wpcf7-form-control-wrap\" data-name=\"your-email\"><input size=\"40\" maxlength=\"400\" class=\"wpcf7-form-control wpcf7-email wpcf7-validates-as-required wpcf7-text wpcf7-validates-as-email\" aria-required=\"true\" aria-invalid=\"false\" placeholder=\"Adresse mail\" value=\"\" type=\"email\" name=\"your-email\" \/><\/span>\n\t<\/div>\n<\/div>\n<div class=\"group\">\n\t<div class=\"value scrolla-element-anim-1 scroll-animate\" data-animate=\"active\">\n\t\t<span class=\"wpcf7-form-control-wrap\" data-name=\"your-message\"><textarea cols=\"40\" rows=\"10\" maxlength=\"2000\" class=\"wpcf7-form-control wpcf7-textarea wpcf7-validates-as-required\" aria-required=\"true\" aria-invalid=\"false\" placeholder=\"Message\" name=\"your-message\"><\/textarea><\/span>\n\t<\/div>\n<\/div>\n<div class=\"submit scrolla-element-anim-1 scroll-animate\" data-animate=\"active\">\n\t<button type=\"submit\" class=\"btn\">Envoyer<\/button>\n<\/div><div class=\"wpcf7-response-output\" aria-hidden=\"true\"><\/div>\n<\/form>\n<\/div>\n\t\t\t\t\t\t<\/div>\n\t\t\t\t\t<\/div>\n\t\t\t\t<\/div>\n\t\t\t\t\t\t\t<\/div>\n\t\t<\/div>\n\n\t\t\t\t\t\t<\/div>\n\t\t\t\t<\/div>\n\t\t\t\t\t<\/div>\n\t\t<\/div>\n\t\t\t\t\t<\/div>\n\t\t<\/section>\n\t\t\t\t<\/div>\n\t\t","protected":false},"excerpt":{"rendered":"<p>Restons en contact ! N&#8217;h\u00e9sitez pas \u00e0 me solliciter, je suis ouverte \u00e0 de nouvelles opportunit\u00e9s et \u00e0 de nouveaux projets. Send a Message<\/p>\n","protected":false},"author":1,"featured_media":0,"parent":0,"menu_order":0,"comment_status":"closed","ping_status":"closed","template":"template-layout-builder.php","meta":{"_themeisle_gutenberg_block_has_review":false,"footnotes":""},"class_list":["post-2107","page","type-page","status-publish","hentry"],"acf":[],"_links":{"self":[{"href":"https:\/\/annekesleven.com\/index.php\/wp-json\/wp\/v2\/pages\/2107","targetHints":{"allow":["GET"]}}],"collection":[{"href":"https:\/\/annekesleven.com\/index.php\/wp-json\/wp\/v2\/pages"}],"about":[{"href":"https:\/\/annekesleven.com\/index.php\/wp-json\/wp\/v2\/types\/page"}],"author":[{"embeddable":true,"href":"https:\/\/annekesleven.com\/index.php\/wp-json\/wp\/v2\/users\/1"}],"replies":[{"embeddable":true,"href":"https:\/\/annekesleven.com\/index.php\/wp-json\/wp\/v2\/comments?post=2107"}],"version-history":[{"count":17,"href":"https:\/\/annekesleven.com\/index.php\/wp-json\/wp\/v2\/pages\/2107\/revisions"}],"predecessor-version":[{"id":2822,"href":"https:\/\/annekesleven.com\/index.php\/wp-json\/wp\/v2\/pages\/2107\/revisions\/2822"}],"wp:attachment":[{"href":"https:\/\/annekesleven.com\/index.php\/wp-json\/wp\/v2\/media?parent=2107"}],"curies":[{"name":"wp","href":"https:\/\/api.w.org\/{rel}","templated":true}]}}