{"id":95,"date":"2021-02-22T15:28:11","date_gmt":"2021-02-22T15:28:11","guid":{"rendered":"https:\/\/oblo-demo.bslthemes.com\/?page_id=95"},"modified":"2025-07-02T11:04:02","modified_gmt":"2025-07-02T09:04:02","slug":"apropos","status":"publish","type":"page","link":"https:\/\/annekesleven.com\/index.php\/apropos\/","title":{"rendered":"A propos"},"content":{"rendered":"\t\t<div data-elementor-type=\"wp-page\" data-elementor-id=\"95\" class=\"elementor elementor-95\">\n\t\t\t\t\t\t<section class=\"elementor-section elementor-top-section elementor-element elementor-element-b627a75 elementor-section-full_width elementor-section-height-default elementor-section-height-default\" data-id=\"b627a75\" data-element_type=\"section\">\n\t\t\t\t\t\t<div class=\"elementor-container elementor-column-gap-no\">\n\t\t\t\t\t<div class=\"elementor-column elementor-col-100 elementor-top-column elementor-element elementor-element-d4abc2e elementor-hidden-tablet elementor-hidden-mobile\" data-id=\"d4abc2e\" data-element_type=\"column\">\n\t\t\t<div class=\"elementor-widget-wrap elementor-element-populated\">\n\t\t\t\t\t\t<div class=\"elementor-element elementor-element-2e0a970 elementor-widget-tablet__width-inherit elementor-widget-mobile__width-inherit elementor-hidden-tablet elementor-hidden-mobile elementor-widget elementor-widget-oblo-hero-image\" data-id=\"2e0a970\" data-element_type=\"widget\" data-widget_type=\"oblo-hero-image.default\">\n\t\t\t\t<div class=\"elementor-widget-container\">\n\t\t\t\t\t\n\t\t<!-- Section Hero Started -->\n\t\t<div class=\"section hero-started bottom\" data-dispimgpath=\"https:\/\/annekesleven.com\/wp-content\/themes\/oblo\/assets\/images\/pointilize.jpg\">\n\t\t\t\t\t\t<!-- slide -->\n\t\t\t<div class=\"slide\"><img decoding=\"async\" src=\"https:\/\/annekesleven.com\/wp-content\/uploads\/2024\/03\/apropos-1920x1080.jpg\" class=\"started-item__image\" alt=\"\" \/><\/div>\n\t\t\t<div class=\"canvas started-items__image\" data-top=\"top: 0px;\" data-top-bottom=\"top: -200px;\"><\/div>\n\t\t\t\n\t\t\t<div class=\"container\">\n\n\t\t\t\t<!-- titles -->\n\t\t\t\t<div class=\"titles\">\n\t\t\t\t\t\t\t\t\t\t<div class=\"title splitting-text-anim-1 scroll-animate\" data-splitting=\"chars\" data-animate=\"active\">\n\t\t\t\t\t\t<span >\n\t\t\t\t\t\t\t\u00e0 propos\t\t\t\t\t\t<\/span>\n\t\t\t\t\t<\/div>\n\t\t\t\t\t\t\t\t\t\t\t\t\t\t<\/div>\n\n\t\t\t<\/div>\n\n\t\t<\/div>\n\n\t\t\t\t\t\t<\/div>\n\t\t\t\t<\/div>\n\t\t\t\t\t<\/div>\n\t\t<\/div>\n\t\t\t\t\t<\/div>\n\t\t<\/section>\n\t\t\t\t<section class=\"elementor-section elementor-top-section elementor-element elementor-element-469db26 elementor-section-full_width elementor-section-height-default elementor-section-height-default\" data-id=\"469db26\" data-element_type=\"section\">\n\t\t\t\t\t\t<div class=\"elementor-container elementor-column-gap-no\">\n\t\t\t\t\t<div class=\"elementor-column elementor-col-100 elementor-top-column elementor-element elementor-element-d90274b\" data-id=\"d90274b\" data-element_type=\"column\">\n\t\t\t<div class=\"elementor-widget-wrap elementor-element-populated\">\n\t\t\t\t\t\t<div class=\"elementor-element elementor-element-9390b61 elementor-widget elementor-widget-oblo-section-description\" data-id=\"9390b61\" data-element_type=\"widget\" data-widget_type=\"oblo-section-description.default\">\n\t\t\t\t<div class=\"elementor-widget-container\">\n\t\t\t\t\t\n\t\t<!-- Section Description -->\n\t\t<div class=\"section section-inner m-description\">\n\t\t\t<div class=\"container\">\n\t\t\t\t<div class=\"row\">\n\t\t\t\t\t<div class=\"col-xs-12 col-sm-12 col-md-12 align-left col-lg-3\">\n\t\t\t\t\t\t\t\t\t\t\t\t<div class=\"m-titles\">\n\t\t\t\t\t\t\t<div class=\"m-title scrolla-element-anim-1 scroll-animate\" data-animate=\"active\">\n\t\t\t\t\t\t\t\t<span >\n\t\t\t\t\t\t\t\t\tBio\t\t\t\t\t\t\t\t<\/span>\n\t\t\t\t\t\t\t<\/div>\n\t\t\t\t\t\t<\/div>\n\t\t\t\t\t\t\t\t\t\t\t<\/div>\n\t\t\t\t\t<div class=\"col-xs-12 col-sm-12 col-md-12 col-lg-9\">\n\t\t\t\t\t\t\t\t\t\t\t\t<div class=\"description-text scrolla-element-anim-1 scroll-animate\" data-animate=\"active\">\n\t\t\t\t\t\t\t<div >\n\t\t\t\t\t\t\t\t<p dir=\"ltr\">Anneke a une personnalit\u00e9 dynamique et aime s'exprimer \u00e0 travers diff\u00e9rents types de musique. N\u00e9e en Belgique, elle a commenc\u00e9 ses \u00e9tudes de piano \u00e0 l'\u00e9cole de musique priv\u00e9e OpusArtis, dans la classe de St\u00e9phane de May, tout en poursuivant ses \u00e9tudes de danse (classique et jazz) au studio de danse de Nicole de Lauwer.<br \/><br \/>Sa passion pour la musique et la danse lui a permis d'entrer \u00e0 la Kunsthumaniora \u00e0 Bruxelles, une \u00e9cole enthousiaste enseignant les arts de la sc\u00e8ne (musique, art de la parole et danse) tout en m\u00e9langeant les branches g\u00e9n\u00e9rales et les mati\u00e8res artistiques, o\u00f9 elle a \u00e9galement d\u00e9couvert le saxophone et sa voix pour la premi\u00e8re fois. Elle a eu le privil\u00e8ge de travailler au Vlaamse Opera d'Anvers et de Gand durant ses \u00e9tudes, en tant que danseuse dans de nombreux op\u00e9ras avec les metteurs en sc\u00e8ne Robert Carson et Guy Joosten. Elle est dipl\u00f4m\u00e9e en \u00e9ducation musicale en 2003 et commence \u00e0 enseigner la musique et \u00e0 cr\u00e9er des spectacles musicaux pour les enfants de 10 \u00e0 14 ans.<br \/><br \/>En 2006, ses talents d'actrice sont d\u00e9couverts par Walter Tillemans, metteur en sc\u00e8ne d'Anvers et fondateur du Raamtheater. Elle interpr\u00e8te divers r\u00f4les dans les grands classiques de Shakespeare et Moli\u00e8re, ainsi que dans un r\u00e9pertoire plus moderne d'Hugo Claus.<br \/><br \/>Elle conna\u00eet un grand succ\u00e8s dans le r\u00f4le d'\u00c9dith Piaf dans la com\u00e9die musicale Edith et Simone et joue multiples r\u00f4les dans diverses productions dont Jane Eyre the musical, Shout the Mod musical et dans le r\u00e9pertoire op\u00e9rette La vie Parisienne, L\u2019Auberge du Cheval Blanc ou encore La belle H\u00e9l\u00e8ne.<br \/><br \/>Cet hiver elle a connu son d\u00e9but \u00e0 Montreux en tant que meneuse de revue o\u00f9 elle a chant\u00e9 les plus grands tubes des ann\u00e9es 80 et 90 (France Gall, Madonna, Starmania).<\/p><p><span style=\"font-weight: 400\">En 2024, aux c\u00f4t\u00e9s d\u2019Edwin Sanz, percussionniste v\u00e9n\u00e9zu\u00e9lien au talent international, elle a fond\u00e9 Epic 5, un groupe qui habille vos soir\u00e9es d\u2019\u00e9l\u00e9gance et de raffinement.<br \/><\/span><span style=\"font-weight: 400\"><br \/><\/span>Anneke donne \u00e9galement des cours de chant au sein de l'association <a href=\"https:\/\/healingjoy.ch\/activites\/cours-de-chant-avec-anneke-sleven\/\" target=\"_blank\" rel=\"noopener\"><em><strong>Healing Joy<\/strong><\/em><\/a><span style=\"font-weight: 400\">\u00a0qui permet de redonner de l'\u00e9nergie \u00e0 des personnes atteintes de maladie s\u00e9v\u00e8re et\/ou chronique.<\/span><\/p>\t\t\t\t\t\t\t<\/div>\n\t\t\t\t\t\t<\/div>\n\t\t\t\t\t\t\t\t\t\t\t<\/div>\n\t\t\t\t<\/div>\n\t\t\t<\/div>\n\t\t<\/div>\n\n\t\t\t\t\t\t<\/div>\n\t\t\t\t<\/div>\n\t\t\t\t\t<\/div>\n\t\t<\/div>\n\t\t\t\t\t<\/div>\n\t\t<\/section>\n\t\t\t\t<\/div>\n\t\t","protected":false},"excerpt":{"rendered":"<p>\u00e0 propos Bio Anneke a une personnalit\u00e9 dynamique et aime s&#8217;exprimer \u00e0 travers diff\u00e9rents types de musique. N\u00e9e en Belgique, elle a commenc\u00e9 ses \u00e9tudes de piano \u00e0 l&#8217;\u00e9cole de musique priv\u00e9e OpusArtis, dans la classe de St\u00e9phane de May, tout en poursuivant ses&#8230; <\/p>\n<div class=\"readmore\"><a href=\"https:\/\/annekesleven.com\/index.php\/apropos\/\" class=\"btn-link\">Read more<\/a><\/div>\n","protected":false},"author":1,"featured_media":0,"parent":0,"menu_order":0,"comment_status":"closed","ping_status":"closed","template":"template-layout-builder.php","meta":{"_themeisle_gutenberg_block_has_review":false,"footnotes":""},"class_list":["post-95","page","type-page","status-publish","hentry"],"acf":[],"_links":{"self":[{"href":"https:\/\/annekesleven.com\/index.php\/wp-json\/wp\/v2\/pages\/95","targetHints":{"allow":["GET"]}}],"collection":[{"href":"https:\/\/annekesleven.com\/index.php\/wp-json\/wp\/v2\/pages"}],"about":[{"href":"https:\/\/annekesleven.com\/index.php\/wp-json\/wp\/v2\/types\/page"}],"author":[{"embeddable":true,"href":"https:\/\/annekesleven.com\/index.php\/wp-json\/wp\/v2\/users\/1"}],"replies":[{"embeddable":true,"href":"https:\/\/annekesleven.com\/index.php\/wp-json\/wp\/v2\/comments?post=95"}],"version-history":[{"count":63,"href":"https:\/\/annekesleven.com\/index.php\/wp-json\/wp\/v2\/pages\/95\/revisions"}],"predecessor-version":[{"id":2877,"href":"https:\/\/annekesleven.com\/index.php\/wp-json\/wp\/v2\/pages\/95\/revisions\/2877"}],"wp:attachment":[{"href":"https:\/\/annekesleven.com\/index.php\/wp-json\/wp\/v2\/media?parent=95"}],"curies":[{"name":"wp","href":"https:\/\/api.w.org\/{rel}","templated":true}]}}